{"id":2436,"date":"2021-11-28T19:34:51","date_gmt":"2021-11-28T19:34:51","guid":{"rendered":"http:\/\/www.creadata.com.tr\/?page_id=2436"},"modified":"2022-10-20T00:47:33","modified_gmt":"2022-10-20T00:47:33","slug":"about-us","status":"publish","type":"page","link":"https:\/\/www.creadata.com.tr\/en\/about-us\/","title":{"rendered":"About Us"},"content":{"rendered":"<div class=\"wp-block-columns is-layout-flex wp-container-core-columns-is-layout-9d6595d7 wp-block-columns-is-layout-flex\">\n<div class=\"wp-block-column is-layout-flow wp-block-column-is-layout-flow\" style=\"flex-basis:33.33%\">\n<div class=\"wp-block-image\"><figure class=\"aligncenter size-large\"><img loading=\"lazy\" decoding=\"async\" width=\"234\" height=\"279\" src=\"http:\/\/www.creadata.com.tr\/wp-content\/uploads\/2021\/11\/deniz-e1637145759445.png\" alt=\"\" class=\"wp-image-2268\"\/><\/figure><\/div>\n<\/div>\n\n\n\n<div class=\"wp-block-column is-layout-flow wp-block-column-is-layout-flow\" style=\"flex-basis:66.66%\">\n<p class=\"has-medium-font-size\"><strong>Deniz Aksoy, MBA<\/strong><\/p>\n\n\n\n<p>I graduated from Istanbul Technical University Industrial Engineering Department in 2006. I started my business life with internships at Ko\u00e7 Group, and transferred to Divan for a full-time position as a Human Resources Specialist. Then I worked as a Project Engineer in the automotive industry for 4 years. On the one hand, I carried out the projects in London, UK on site, on the other hand, I completed my MBA degree. Then I worked as a Software Analyst, Educational Technologies Specialist and Senior Art Director at Turkcell. As of the end of 2020, I ended my 15-year corporate life and switched to full-time teaching.<\/p>\n\n\n\n<p>I started my teaching career at the Education Volunteers Foundation of Turkey when I was an ersite student and continued as an Internal Trainer at Turkcell. For 5 years, I have been organizing trainings with my content ready for different institutions and the content we have prepared specifically for the institution\/team.<\/p>\n\n\n\n<figure class=\"wp-block-image size-large is-resized is-style-default\"><a href=\"https:\/\/www.linkedin.com\/in\/deniz-aksoy-4433654\/\"><img decoding=\"async\" src=\"http:\/\/www.creadata.com.tr\/wp-content\/uploads\/2021\/11\/174857.png\" alt=\"\" class=\"wp-image-2273\" width=\"20\" srcset=\"https:\/\/www.creadata.com.tr\/wp-content\/uploads\/2021\/11\/174857.png 512w, https:\/\/www.creadata.com.tr\/wp-content\/uploads\/2021\/11\/174857-300x300.png 300w, https:\/\/www.creadata.com.tr\/wp-content\/uploads\/2021\/11\/174857-150x150.png 150w\" sizes=\"(max-width: 512px) 100vw, 512px\" \/><\/a><\/figure>\n\n\n\n<p>Trainings:<\/p>\n\n\n\n<ul class=\"wp-block-list\"><li><a href=\"http:\/\/www.creadata.com.tr\/en\/infografik-ve-etkili-sunum\/\">\u0130nfografik ve Etkili Sunum<\/a><\/li><li><a href=\"http:\/\/www.creadata.com.tr\/en\/veri-gorsellestirme\/\">Veri G\u00f6rselle\u015ftirme<\/a><\/li><li><a href=\"http:\/\/www.creadata.com.tr\/en\/veri-analizi-ve-gorsellestirme\/\">Veri Analizi ve G\u00f6rselle\u015ftirme<\/a><\/li><li><a href=\"http:\/\/www.creadata.com.tr\/en\/senaryolu-excel\/\">Senaryolu Excel<\/a><\/li><li><a href=\"http:\/\/www.creadata.com.tr\/en\/ileri-excel\/\">\u0130leri Excel<\/a><\/li><li><a href=\"http:\/\/www.creadata.com.tr\/en\/excel-ile-istatistiksel-analiz\/\">Excel ile \u0130statistiksel Analiz<\/a><\/li><\/ul>\n<\/div>\n<\/div>\n\n\n\n<hr class=\"wp-block-separator\"\/>\n\n\n\n<div class=\"wp-block-columns is-layout-flex wp-container-core-columns-is-layout-9d6595d7 wp-block-columns-is-layout-flex\">\n<div class=\"wp-block-column is-layout-flow wp-block-column-is-layout-flow\" style=\"flex-basis:33.33%\">\n<div class=\"wp-block-image\"><figure class=\"aligncenter size-full is-resized\"><img loading=\"lazy\" decoding=\"async\" src=\"http:\/\/www.creadata.com.tr\/wp-content\/uploads\/2022\/06\/ceren-1.png\" alt=\"\" class=\"wp-image-2640\" width=\"234\" height=\"279\" srcset=\"https:\/\/www.creadata.com.tr\/wp-content\/uploads\/2022\/06\/ceren-1.png 468w, https:\/\/www.creadata.com.tr\/wp-content\/uploads\/2022\/06\/ceren-1-252x300.png 252w\" sizes=\"auto, (max-width: 234px) 100vw, 234px\" \/><\/figure><\/div>\n<\/div>\n\n\n\n<div class=\"wp-block-column is-layout-flow wp-block-column-is-layout-flow\" style=\"flex-basis:66.66%\">\n<p><strong>Ceren Y\u0131lmaz, MBA<\/strong><\/p>\n\n\n\n<p>After graduating from Do\u011fu\u015f University&#8217;s Department of International Relations with a scholarship and being the top student in the department in 2009, I continued my Master&#8217;s degree in Business Administration at Galatasaray University.<\/p>\n\n\n\n<p>During my education at Galatasaray University, I worked as a research assistant. I started my corporate life in SAP Turkey by working in Training department. Then I continued my career in the retail industry as an internal auditor. I have a total of 12 years of audit experience, including Metro Gross Market Turkey and LC Waikiki. During this period, I conducted audits of the company&#8217;s internal processes, internal audits of the ISO 9001 Quality Management System and operational processes, and internal training.<\/p>\n\n\n\n<p>In addition to all these experiences, I provide training on the following subjects:<\/p>\n\n\n\n<figure class=\"wp-block-image is-resized\"><a href=\"https:\/\/www.linkedin.com\/in\/ceren-y-67996624\/\"><img decoding=\"async\" src=\"http:\/\/www.creadata.com.tr\/wp-content\/uploads\/2021\/11\/174857.png\" alt=\"\" class=\"wp-image-2273\" width=\"20\" srcset=\"https:\/\/www.creadata.com.tr\/wp-content\/uploads\/2021\/11\/174857.png 512w, https:\/\/www.creadata.com.tr\/wp-content\/uploads\/2021\/11\/174857-300x300.png 300w, https:\/\/www.creadata.com.tr\/wp-content\/uploads\/2021\/11\/174857-150x150.png 150w\" sizes=\"(max-width: 512px) 100vw, 512px\" \/><\/a><\/figure>\n\n\n\n<p>Trainings:<\/p>\n<\/div>\n<\/div>\n\n\n\n<hr class=\"wp-block-separator\"\/>\n\n\n\n<div class=\"wp-block-columns is-layout-flex wp-container-core-columns-is-layout-9d6595d7 wp-block-columns-is-layout-flex\">\n<div class=\"wp-block-column is-layout-flow wp-block-column-is-layout-flow\" style=\"flex-basis:33.33%\">\n<div class=\"wp-block-image\"><figure class=\"aligncenter size-large is-resized\"><img loading=\"lazy\" decoding=\"async\" src=\"http:\/\/www.creadata.com.tr\/wp-content\/uploads\/2021\/11\/gunes.png\" alt=\"\" class=\"wp-image-2265\" width=\"234\" height=\"279\"\/><\/figure><\/div>\n<\/div>\n\n\n\n<div class=\"wp-block-column is-layout-flow wp-block-column-is-layout-flow\" style=\"flex-basis:66.66%\">\n<p class=\"has-medium-font-size\"><strong>G\u00fcne\u015f Acar, MD<\/strong><\/p>\n\n\n\n<p>I am a medical doctor, trainer and health communicator.<br>After graduating from Akdeniz University Faculty of Medicine in 2003, I completed my specialization in family medicine at Istanbul University Faculty of Medicine in 2008.<\/p>\n\n\n\n<p>Between 2008-2019, I worked in medical affairs roles in national and transnational teams of international pharmaceutical companies. In this process, I managed dozens of projects and gave trainings to Turkish and foreign professionals.<\/p>\n\n\n\n<p>Since January 2020, I have been working with companies, universities, municipalities, associations and agencies as a freelance medical consultant, trainer and health communicator.<\/p>\n\n\n\n<p>I provide trainings with ready-made and tailored content on communication, presentation and health topics that most overlap with my experiences.<\/p>\n\n\n\n<figure class=\"wp-block-image size-large is-resized\"><img decoding=\"async\" src=\"http:\/\/www.creadata.com.tr\/wp-content\/uploads\/2021\/11\/174857-1.png\" alt=\"\" class=\"wp-image-2274\" width=\"20\" srcset=\"https:\/\/www.creadata.com.tr\/wp-content\/uploads\/2021\/11\/174857-1.png 512w, https:\/\/www.creadata.com.tr\/wp-content\/uploads\/2021\/11\/174857-1-300x300.png 300w, https:\/\/www.creadata.com.tr\/wp-content\/uploads\/2021\/11\/174857-1-150x150.png 150w\" sizes=\"(max-width: 512px) 100vw, 512px\" \/><\/figure>\n\n\n\n<p>Trainings:<\/p>\n\n\n\n<ul class=\"wp-block-list\"><li><a href=\"http:\/\/www.creadata.com.tr\/en\/infografik-ve-etkili-sunum\/\">\u0130nfografik ve Etkili Sunum<\/a><\/li><\/ul>\n\n\n\n<p><\/p>\n<\/div>\n<\/div>\n\n\n\n<hr class=\"wp-block-separator\"\/>\n\n\n\n<div class=\"wp-block-columns is-layout-flex wp-container-core-columns-is-layout-9d6595d7 wp-block-columns-is-layout-flex\">\n<div class=\"wp-block-column is-layout-flow wp-block-column-is-layout-flow\" style=\"flex-basis:33.33%\">\n<div class=\"wp-block-image\"><figure class=\"aligncenter size-large is-resized\"><img loading=\"lazy\" decoding=\"async\" src=\"http:\/\/www.creadata.com.tr\/wp-content\/uploads\/2021\/11\/isik.png\" alt=\"\" class=\"wp-image-2266\" width=\"234\" height=\"279\" srcset=\"https:\/\/www.creadata.com.tr\/wp-content\/uploads\/2021\/11\/isik.png 468w, https:\/\/www.creadata.com.tr\/wp-content\/uploads\/2021\/11\/isik-252x300.png 252w\" sizes=\"auto, (max-width: 234px) 100vw, 234px\" \/><\/figure><\/div>\n<\/div>\n\n\n\n<div class=\"wp-block-column is-layout-flow wp-block-column-is-layout-flow\" style=\"flex-basis:66.66%\">\n<p class=\"has-medium-font-size\"><strong>I\u015f\u0131k Timu\u00e7in<\/strong><\/p>\n\n\n\n<p>After completing the Economics (English) department of Bilgi University with a scholarship in 2008, I completed the Department of Opticians at Ege University and then the Health Management master&#8217;s degree at Okan University.<\/p>\n\n\n\n<p>I worked as a cabin attendant, optician, marketing communications and CRM manager in the private sector and taught at various universities. I have been working as a lecturer at Do\u011fu\u015f University since 2020.<\/p>\n\n\n\n<figure class=\"wp-block-image size-large is-resized\"><img decoding=\"async\" src=\"http:\/\/www.creadata.com.tr\/wp-content\/uploads\/2021\/11\/174857.png\" alt=\"\" class=\"wp-image-2273\" width=\"20\" srcset=\"https:\/\/www.creadata.com.tr\/wp-content\/uploads\/2021\/11\/174857.png 512w, https:\/\/www.creadata.com.tr\/wp-content\/uploads\/2021\/11\/174857-300x300.png 300w, https:\/\/www.creadata.com.tr\/wp-content\/uploads\/2021\/11\/174857-150x150.png 150w\" sizes=\"(max-width: 512px) 100vw, 512px\" \/><\/figure>\n\n\n\n<p>Trainings:<\/p>\n\n\n\n<ul class=\"wp-block-list\"><li><a href=\"http:\/\/www.creadata.com.tr\/en\/infografik-ve-etkili-sunum\/\">\u0130nfografik ve Etkili Sunum<\/a><\/li><\/ul>\n<\/div>\n<\/div>\n\n\n\n<hr class=\"wp-block-separator\"\/>\n\n\n\n<p><\/p>","protected":false},"excerpt":{"rendered":"<p>Deniz Aksoy, MBA I graduated from Istanbul Technical University Industrial Engineering Department in 2006. I started my business life with internships at Ko\u00e7 Group, and transferred to Divan for a full-time position as a Human Resources Specialist. Then I worked as a Project Engineer in the automotive industry for 4 years. On the one hand, [&hellip;]<\/p>","protected":false},"author":2,"featured_media":0,"parent":0,"menu_order":0,"comment_status":"closed","ping_status":"closed","template":"","meta":{"footnotes":""},"class_list":["post-2436","page","type-page","status-publish","hentry"],"_links":{"self":[{"href":"https:\/\/www.creadata.com.tr\/en\/wp-json\/wp\/v2\/pages\/2436","targetHints":{"allow":["GET"]}}],"collection":[{"href":"https:\/\/www.creadata.com.tr\/en\/wp-json\/wp\/v2\/pages"}],"about":[{"href":"https:\/\/www.creadata.com.tr\/en\/wp-json\/wp\/v2\/types\/page"}],"author":[{"embeddable":true,"href":"https:\/\/www.creadata.com.tr\/en\/wp-json\/wp\/v2\/users\/2"}],"replies":[{"embeddable":true,"href":"https:\/\/www.creadata.com.tr\/en\/wp-json\/wp\/v2\/comments?post=2436"}],"version-history":[{"count":4,"href":"https:\/\/www.creadata.com.tr\/en\/wp-json\/wp\/v2\/pages\/2436\/revisions"}],"predecessor-version":[{"id":2745,"href":"https:\/\/www.creadata.com.tr\/en\/wp-json\/wp\/v2\/pages\/2436\/revisions\/2745"}],"wp:attachment":[{"href":"https:\/\/www.creadata.com.tr\/en\/wp-json\/wp\/v2\/media?parent=2436"}],"curies":[{"name":"wp","href":"https:\/\/api.w.org\/{rel}","templated":true}]}}