{"id":2421,"date":"2021-11-28T19:22:18","date_gmt":"2021-11-28T19:22:18","guid":{"rendered":"http:\/\/www.creadata.com.tr\/?page_id=2421"},"modified":"2025-06-05T09:15:53","modified_gmt":"2025-06-05T09:15:53","slug":"homepage","status":"publish","type":"page","link":"https:\/\/www.creadata.com.tr\/en\/homepage\/","title":{"rendered":"Homepage"},"content":{"rendered":"<p><!-- CWS Row --><div class=\"cws-content\"><div class=\"vc_row wpb_row vc_row-fluid\"><div class=\"wpb_column vc_column_container vc_col-sm-12\"><div class=\"vc_column-inner\"><div class=\"wpb_wrapper\">\n\t<div class=\"wpb_text_column wpb_content_element\" >\n\t\t<div class=\"wpb_wrapper\">\n\t\t\t<p>&nbsp;<\/p>\n\n\t\t<\/div>\n\t<\/div>\n<\/div><\/div><\/div><\/div><\/div><!-- CWS Row --><div class=\"cws-content\"><div id=\"benefits\" data-vc-full-width=\"true\" data-vc-full-width-init=\"false\" data-vc-stretch-content=\"true\" class=\"vc_row wpb_row vc_row-fluid over_section vc_custom_1477633227281 vc_row-no-padding\"><div class=\"wpb_column vc_column_container vc_col-sm-4\"><div class=\"vc_column-inner\"><div class=\"wpb_wrapper\"><div id='prospect_services_column_69f5582f22344' data-style='&quot;#prospect_services_column_69f5582f22344 .prospect_services_title,\\r\\n\\t\\t\\t#prospect_services_column_69f5582f22344 .prospect_services_icon .icon{\\r\\n\\t\\t\\t\\tcolor: #56b665;\\r\\n\\t\\t\\t}\\r\\n\\t\\t\\t#prospect_services_column_69f5582f22344 .prospect_services_icon svg{\\r\\n\\t\\t\\t\\tfill: ;\\r\\n\\t\\t\\t\\tstroke: #7290a4;\\r\\n\\t\\t\\t}\\r\\n\\t\\t\\t#prospect_services_column_69f5582f22344.hovered:hover .prospect_services_icon .icon{\\r\\n\\t\\t\\t\\tcolor: #ffffff;\\r\\n\\t\\t\\t}\\r\\n\\t\\t\\t#prospect_services_column_69f5582f22344.hovered:hover .prospect_services_icon svg{\\r\\n\\t\\t\\t\\tfill: #56b665;\\r\\n\\t\\t\\t\\tstroke: #56b665;\\r\\n\\t\\t\\t}\\r\\n\\t\\t\\t#prospect_services_column_69f5582f22344.icon_center .prospect_services_desc .widgettitle:before{\\r\\n\\t\\t\\t\\tbackground: #56b665;\\r\\n\\t\\t\\t}&quot;' class='prospect_services_column prospect_module render_styles  hovered large icon_center far fa-presentation'><div class='prospect_services_data'><div class='prospect_services_icon'><div class='icon vc_li vc_li-study'><div class='figure_wrap hexagon'>\r\n\t\t\t<svg  viewbox='0 0 110.74 123.18'><path d='M307.58,232.84l-40.2-23.21a14.17,14.17,0,0,1-7.09-12.27V150.94a14.17,14.17,0,0,1,7.09-12.27l40.2-23.21a14.17,14.17,0,0,1,14.17,0L362,138.67A14.17,14.17,0,0,1,369,150.94v46.42A14.17,14.17,0,0,1,362,209.63l-40.2,23.21A14.17,14.17,0,0,1,307.58,232.84Z' transform='translate(-259.29 -112.56)'\/><\/svg>\r\n    \t<\/div><\/div><\/div><div class='prospect_services_desc clearfix'>\n<h4 class=\"widgettitle\" style=\"text-align: center;\"><span style=\"color: #ffffff; font-size: 18px; line-height: 1.4em;\">IN CLASS TRAININGS<\/span><\/h4>\n<p style=\"text-align: center;\">As the founder, I continue my training that I started in 2011 under 6 different headings.<\/p>\n<p><\/div><\/div><\/div><\/div><\/div><\/div><div class=\"wpb_column vc_column_container vc_col-sm-4\"><div class=\"vc_column-inner\"><div class=\"wpb_wrapper\"><div id='prospect_services_column_69f5582f2252c' data-style='&quot;#prospect_services_column_69f5582f2252c .prospect_services_title,\\r\\n\\t\\t\\t#prospect_services_column_69f5582f2252c .prospect_services_icon .icon{\\r\\n\\t\\t\\t\\tcolor: #fecb6f;\\r\\n\\t\\t\\t}\\r\\n\\t\\t\\t#prospect_services_column_69f5582f2252c .prospect_services_icon svg{\\r\\n\\t\\t\\t\\tfill: ;\\r\\n\\t\\t\\t\\tstroke: #7290a4;\\r\\n\\t\\t\\t}\\r\\n\\t\\t\\t#prospect_services_column_69f5582f2252c.hovered:hover .prospect_services_icon .icon{\\r\\n\\t\\t\\t\\tcolor: #ffffff;\\r\\n\\t\\t\\t}\\r\\n\\t\\t\\t#prospect_services_column_69f5582f2252c.hovered:hover .prospect_services_icon svg{\\r\\n\\t\\t\\t\\tfill: #fecb6f;\\r\\n\\t\\t\\t\\tstroke: #fecb6f;\\r\\n\\t\\t\\t}\\r\\n\\t\\t\\t#prospect_services_column_69f5582f2252c.icon_center .prospect_services_desc .widgettitle:before{\\r\\n\\t\\t\\t\\tbackground: #fecb6f;\\r\\n\\t\\t\\t}&quot;' class='prospect_services_column prospect_module render_styles  hovered large icon_center'><div class='prospect_services_data'><div class='prospect_services_icon'><div class='icon flaticon-monitor'><div class='figure_wrap hexagon'>\r\n\t\t\t<svg  viewbox='0 0 110.74 123.18'><path d='M307.58,232.84l-40.2-23.21a14.17,14.17,0,0,1-7.09-12.27V150.94a14.17,14.17,0,0,1,7.09-12.27l40.2-23.21a14.17,14.17,0,0,1,14.17,0L362,138.67A14.17,14.17,0,0,1,369,150.94v46.42A14.17,14.17,0,0,1,362,209.63l-40.2,23.21A14.17,14.17,0,0,1,307.58,232.84Z' transform='translate(-259.29 -112.56)'\/><\/svg>\r\n    \t<\/div><\/div><\/div><div class='prospect_services_desc clearfix'>\n<h4 class=\"widgettitle\" style=\"text-align: center;\"><span style=\"color: #ffffff; font-size: 18px; line-height: 1.4em;\">DIGITAL TRAININGS<\/span><\/h4>\n<p style=\"text-align: center;\">With our 4-person trainer staff, we organize trainings that can appeal to employees of all levels in every sector.<\/p>\n<p>\n<\/div><\/div><\/div><\/div><\/div><\/div><div class=\"wpb_column vc_column_container vc_col-sm-4\"><div class=\"vc_column-inner\"><div class=\"wpb_wrapper\"><div id='prospect_services_column_69f5582f226df' data-style='&quot;#prospect_services_column_69f5582f226df .prospect_services_title,\\r\\n\\t\\t\\t#prospect_services_column_69f5582f226df .prospect_services_icon .icon{\\r\\n\\t\\t\\t\\tcolor: #a074af;\\r\\n\\t\\t\\t}\\r\\n\\t\\t\\t#prospect_services_column_69f5582f226df .prospect_services_icon svg{\\r\\n\\t\\t\\t\\tfill: ;\\r\\n\\t\\t\\t\\tstroke: #7290a4;\\r\\n\\t\\t\\t}\\r\\n\\t\\t\\t#prospect_services_column_69f5582f226df.hovered:hover .prospect_services_icon .icon{\\r\\n\\t\\t\\t\\tcolor: #ffffff;\\r\\n\\t\\t\\t}\\r\\n\\t\\t\\t#prospect_services_column_69f5582f226df.hovered:hover .prospect_services_icon svg{\\r\\n\\t\\t\\t\\tfill: #a074af;\\r\\n\\t\\t\\t\\tstroke: #a074af;\\r\\n\\t\\t\\t}\\r\\n\\t\\t\\t#prospect_services_column_69f5582f226df.icon_center .prospect_services_desc .widgettitle:before{\\r\\n\\t\\t\\t\\tbackground: #a074af;\\r\\n\\t\\t\\t}&quot;' class='prospect_services_column prospect_module render_styles  hovered large icon_center'><div class='prospect_services_data'><div class='prospect_services_icon'><div class='icon flaticon-vector'><div class='figure_wrap hexagon'>\r\n\t\t\t<svg  viewbox='0 0 110.74 123.18'><path d='M307.58,232.84l-40.2-23.21a14.17,14.17,0,0,1-7.09-12.27V150.94a14.17,14.17,0,0,1,7.09-12.27l40.2-23.21a14.17,14.17,0,0,1,14.17,0L362,138.67A14.17,14.17,0,0,1,369,150.94v46.42A14.17,14.17,0,0,1,362,209.63l-40.2,23.21A14.17,14.17,0,0,1,307.58,232.84Z' transform='translate(-259.29 -112.56)'\/><\/svg>\r\n    \t<\/div><\/div><\/div><div class='prospect_services_desc clearfix'>\n<h2 class=\"widgettitle\" style=\"text-align: center;\"><span style=\"color: #ffffff; font-size: 18px; line-height: 1.4em;\">DIGITAL DESIGN<\/span><\/h2>\n<p style=\"text-align: center;\">We have been providing consultancy on dashboard design and corporate data visualization identity for 3 years.<\/p>\n<p>\n<\/div><\/div><\/div><\/div><\/div><\/div><\/div><div class=\"vc_row-full-width vc_clearfix\"><\/div><\/div><!-- CWS Row --><div class=\"cws-content\"><div class=\"vc_row wpb_row vc_row-fluid\"><div class=\"wpb_column vc_column_container vc_col-sm-12\"><div class=\"vc_column-inner\"><div class=\"wpb_wrapper\">\n\t<div class=\"wpb_text_column wpb_content_element\" >\n\t\t<div class=\"wpb_wrapper\">\n\t\t\t\n\t\t<\/div>\n\t<\/div>\n<\/div><\/div><\/div><\/div><\/div><!-- CWS Row --><div class=\"cws-content\" style=\"background-size:cover;\"><div data-vc-full-width=\"true\" data-vc-full-width-init=\"false\" data-vc-stretch-content=\"true\" class=\"vc_row wpb_row vc_row-fluid top_triangle vc_custom_1577716821714 vc_row-has-fill vc_row-o-equal-height vc_row-flex\"><div class='cws-overlay-bg' style='background-color:#ffffff;'><\/div><div class=\"wpb_column vc_column_container vc_col-sm-4\"><div class=\"vc_column-inner\"><div class=\"wpb_wrapper\"><div class='prospect_milestone prospect_module'><div class='prospect_milestone_background'><div class='figure_wrap hexagon'>\r\n\t\t\t<svg  viewbox='0 0 110.74 123.18'><path d='M307.58,232.84l-40.2-23.21a14.17,14.17,0,0,1-7.09-12.27V150.94a14.17,14.17,0,0,1,7.09-12.27l40.2-23.21a14.17,14.17,0,0,1,14.17,0L362,138.67A14.17,14.17,0,0,1,369,150.94v46.42A14.17,14.17,0,0,1,362,209.63l-40.2,23.21A14.17,14.17,0,0,1,307.58,232.84Z' transform='translate(-259.29 -112.56)'\/><\/svg>\r\n    \t<\/div><\/div><div class='prospect_milestone_content'><div class='prospect_milestone_number' data-speed='2000' style=' color: #56b665;'>268<\/div><h6 class='prospect_milestone_title' >Sessions<\/h6><\/div><\/div><\/div><\/div><\/div><div class=\"wpb_column vc_column_container vc_col-sm-4\"><div class=\"vc_column-inner\"><div class=\"wpb_wrapper\">\n\t<div class=\"wpb_text_column wpb_content_element\" >\n\t\t<div class=\"wpb_wrapper\">\n\t\t\t<h3 style=\"text-align: center;\"><strong>OUR TRAININGS<\/strong><\/h3>\n<p>Some of the institutions that we provide training under 15 different topics: PwC, \u0130stanbul Municipality, Beko, Turkcell, Denizbank, AkSigorta, Ar\u00e7elik, Pegasus Airlines, Garanti BBVA, Migros, T\u00fcrkiye \u0130\u015f Bankas\u0131, Allianz, TAYSAD, Yap\u0131 Kredi Bankas\u0131,&#8230;<\/p>\n<p style=\"text-align: center;\"><a href=\"http:\/\/www.creadata.com.tr\/en\/referanslarim\/\">You can view all our references here.<\/a><\/p>\n\n\t\t<\/div>\n\t<\/div>\n<\/div><\/div><\/div><div class=\"wpb_column vc_column_container vc_col-sm-4\"><div class=\"vc_column-inner\"><div class=\"wpb_wrapper\"><div class='prospect_milestone prospect_module'><div class='prospect_milestone_background'><div class='figure_wrap hexagon'>\r\n\t\t\t<svg  viewbox='0 0 110.74 123.18'><path d='M307.58,232.84l-40.2-23.21a14.17,14.17,0,0,1-7.09-12.27V150.94a14.17,14.17,0,0,1,7.09-12.27l40.2-23.21a14.17,14.17,0,0,1,14.17,0L362,138.67A14.17,14.17,0,0,1,369,150.94v46.42A14.17,14.17,0,0,1,362,209.63l-40.2,23.21A14.17,14.17,0,0,1,307.58,232.84Z' transform='translate(-259.29 -112.56)'\/><\/svg>\r\n    \t<\/div><\/div><div class='prospect_milestone_content'><div class='prospect_milestone_number' data-speed='2000' style=' color: #56b665;'>6904<\/div><h6 class='prospect_milestone_title' >Participants<\/h6><\/div><\/div><\/div><\/div><\/div><\/div><div class=\"vc_row-full-width vc_clearfix\"><\/div><\/div><!-- CWS Row --><div class=\"cws-content\"><div class=\"vc_row wpb_row vc_row-fluid\"><div class=\"wpb_column vc_column_container vc_col-sm-12\"><div class=\"vc_column-inner\"><div class=\"wpb_wrapper\">\n\t<div class=\"wpb_text_column wpb_content_element\" >\n\t\t<div class=\"wpb_wrapper\">\n\t\t\t\n\t\t<\/div>\n\t<\/div>\n<\/div><\/div><\/div><\/div><\/div><!-- CWS Row --><div class=\"cws-content\"><div class=\"vc_row wpb_row vc_row-fluid vc_custom_1480515700970\"><div class=\"wpb_column vc_column_container vc_col-sm-12\"><div class=\"vc_column-inner\"><div class=\"wpb_wrapper\">\n\t<div class=\"wpb_text_column wpb_content_element  vc_custom_1637537719066\" >\n\t\t<div class=\"wpb_wrapper\">\n\t\t\t<h1 style=\"text-align: center;\">BLOG <span style=\"color: #a074af;\">POSTS<\/span><\/h1>\n\n\t\t<\/div>\n\t<\/div>\n<hr style='' \/><section id='posts_grid_69f5582f22ea0' class='posts_grid post_posts_grid posts_grid_2 posts_grid_grid'><div class='prospect_wrapper'><div class='prospect_grid isotope'><article id='post_post_3183' class=\"item post_post post_grid_post  post-3183 post type-post status-publish format-standard hentry category-uncategorized-en\"><div class='post_post_wrapper'><div class='post_post_content_wrapper'><h3 class='post_post_title post_title'><a href='https:\/\/www.creadata.com.tr\/en\/how-to-use-a-legend\/'>How to Use a Legend<\/a><\/h3><hr class='posts_grid_small_divider' \/><div class='post_content post_post_content post_posts_grid_post_content clearfix'><p><a href='https:\/\/www.creadata.com.tr\/en\/how-to-use-a-legend\/' class='more-link'>Read More <i class='fas fa-angle-right'><\/i><\/a><\/p>\n<\/div><\/div><\/div><\/article><article id='post_post_3003' class=\"item post_post post_grid_post  post-3003 post type-post status-publish format-standard hentry category-uncategorized-en\"><div class='post_post_wrapper'><div class='post_post_content_wrapper'><h3 class='post_post_title post_title'><a href='https:\/\/www.creadata.com.tr\/en\/column-or-area\/'>Column or area?<\/a><\/h3><hr class='posts_grid_small_divider' \/><div class='post_content post_post_content post_posts_grid_post_content clearfix'><p>I wanted to raise this question by sharing a post on Linkedin recently: Is there a difference between a column chart and an area chart? If so, what is the reason? Which one should be used in which cas<a href='https:\/\/www.creadata.com.tr\/en\/column-or-area\/' class='more-link'>Read More <i class='fas fa-angle-right'><\/i><\/a><\/p>\n<\/div><\/div><\/div><\/article><\/div><\/div><\/section><\/div><\/div><\/div><\/div><\/div><!-- CWS Row --><div class=\"cws-content\"><div class=\"vc_row wpb_row vc_row-fluid\"><div class=\"wpb_column vc_column_container vc_col-sm-12\"><div class=\"vc_column-inner\"><div class=\"wpb_wrapper\">\n\t<div class=\"wpb_text_column wpb_content_element\" >\n\t\t<div class=\"wpb_wrapper\">\n\t\t\t\n\t\t<\/div>\n\t<\/div>\n<\/div><\/div><\/div><\/div><\/div><!-- CWS Row --><div class=\"cws-content\"><div class=\"vc_row wpb_row vc_row-fluid\"><div class=\"wpb_column vc_column_container vc_col-sm-12\"><div class=\"vc_column-inner\"><div class=\"wpb_wrapper\">\n\t<div class=\"wpb_text_column wpb_content_element\" >\n\t\t<div class=\"wpb_wrapper\">\n\t\t\t<h1 style=\"text-align: center;\">PAST <span style=\"color: #56b665;\">SESSIONS<\/span><\/h1>\n\n\t\t<\/div>\n\t<\/div>\n<hr style='' \/><\/div><\/div><\/div><\/div><\/div><!-- CWS Row --><div class=\"cws-content\"><div class=\"vc_row wpb_row vc_row-fluid\"><div class=\"wpb_column vc_column_container vc_col-sm-12\"><div class=\"vc_column-inner\"><div class=\"wpb_wrapper\">\n\t<div class=\"wpb_text_column wpb_content_element\" >\n\t\t<div class=\"wpb_wrapper\">\n\t\t\t\n\t\t<\/div>\n\t<\/div>\n<\/div><\/div><\/div><\/div><\/div><!-- CWS Row --><div class=\"cws-content\"><div class=\"vc_row wpb_row vc_row-fluid\"><div class=\"wpb_column vc_column_container vc_col-sm-12\"><div class=\"vc_column-inner\"><div class=\"wpb_wrapper\"><\/div><\/div><\/div><\/div><\/div><!-- CWS Row --><div class=\"cws-content\"><div class=\"vc_row wpb_row vc_row-fluid\"><div class=\"wpb_column vc_column_container vc_col-sm-12\"><div class=\"vc_column-inner\"><div class=\"wpb_wrapper\">\n\t<div class=\"wpb_raw_code wpb_content_element wpb_raw_html\" >\n\t\t<div class=\"wpb_wrapper\">\n\t\t\t\t\t\t<rs-module-wrap id=\"rev_slider_error_1_wrapper\">\n\t\t\t\t<rs-module id=\"rev_slider_error_1\">\n\t\t\t\t\t<div class=\"rs_error_message_box\">\n\t\t\t\t\t\t<div class=\"rs_error_message_oops\">Oops...<\/div>\n\t\t\t\t\t\t<div class=\"rs_error_message_content\">Slider with alias SliderEN not found.<\/div>\n\t\t\t\t\t<\/div>\n\t\t\t\t<\/rs-module>\n\t\t\t<\/rs-module-wrap>\n\t\t\t<script type=\"text\/javascript\">\n\t\t\t\tvar rs_eslider = document.getElementById(\"rev_slider_error_1\");\n\t\t\t\trs_eslider.style.display = \"none\";\n\t\t\t\tconsole.log(\"Slider with alias SliderEN not found.\");\n\t\t\t<\/script>\n\n\t\t<\/div>\n\t<\/div>\n<\/div><\/div><\/div><\/div><\/div><!-- CWS Row --><div class=\"cws-content\"><div class=\"vc_row wpb_row vc_row-fluid\"><div class=\"wpb_column vc_column_container vc_col-sm-12\"><div class=\"vc_column-inner\"><div class=\"wpb_wrapper\">\n\t<div class=\"wpb_text_column wpb_content_element\" >\n\t\t<div class=\"wpb_wrapper\">\n\t\t\t\t\t\t<rs-module-wrap id=\"rev_slider_error_2_wrapper\">\n\t\t\t\t<rs-module id=\"rev_slider_error_2\">\n\t\t\t\t\t<div class=\"rs_error_message_box\">\n\t\t\t\t\t\t<div class=\"rs_error_message_oops\">Oops...<\/div>\n\t\t\t\t\t\t<div class=\"rs_error_message_content\">Slider with alias SliderEN not found.<\/div>\n\t\t\t\t\t<\/div>\n\t\t\t\t<\/rs-module>\n\t\t\t<\/rs-module-wrap>\n\t\t\t<script type=\"text\/javascript\">\n\t\t\t\tvar rs_eslider = document.getElementById(\"rev_slider_error_2\");\n\t\t\t\trs_eslider.style.display = \"none\";\n\t\t\t\tconsole.log(\"Slider with alias SliderEN not found.\");\n\t\t\t<\/script>\n\n\n\t\t<\/div>\n\t<\/div>\n<\/div><\/div><\/div><\/div><\/div>","protected":false},"excerpt":{"rendered":"I wanted to raise this question by sharing a post on Linkedin recently: Is there a difference between a column chart and an area chart? If so, what is the reason? Which one should be used in which case? The examples I used were the monthly turnover and the monthly cash in the cash register. [...]","protected":false},"author":2,"featured_media":0,"parent":0,"menu_order":0,"comment_status":"closed","ping_status":"closed","template":"","meta":{"footnotes":""},"class_list":["post-2421","page","type-page","status-publish","hentry"],"_links":{"self":[{"href":"https:\/\/www.creadata.com.tr\/en\/wp-json\/wp\/v2\/pages\/2421","targetHints":{"allow":["GET"]}}],"collection":[{"href":"https:\/\/www.creadata.com.tr\/en\/wp-json\/wp\/v2\/pages"}],"about":[{"href":"https:\/\/www.creadata.com.tr\/en\/wp-json\/wp\/v2\/types\/page"}],"author":[{"embeddable":true,"href":"https:\/\/www.creadata.com.tr\/en\/wp-json\/wp\/v2\/users\/2"}],"replies":[{"embeddable":true,"href":"https:\/\/www.creadata.com.tr\/en\/wp-json\/wp\/v2\/comments?post=2421"}],"version-history":[{"count":19,"href":"https:\/\/www.creadata.com.tr\/en\/wp-json\/wp\/v2\/pages\/2421\/revisions"}],"predecessor-version":[{"id":6038,"href":"https:\/\/www.creadata.com.tr\/en\/wp-json\/wp\/v2\/pages\/2421\/revisions\/6038"}],"wp:attachment":[{"href":"https:\/\/www.creadata.com.tr\/en\/wp-json\/wp\/v2\/media?parent=2421"}],"curies":[{"name":"wp","href":"https:\/\/api.w.org\/{rel}","templated":true}]}}